{"id":217,"date":"2025-02-18T16:55:06","date_gmt":"2025-02-18T16:55:06","guid":{"rendered":"https:\/\/emac2025bilbao.com\/?page_id=217"},"modified":"2025-07-02T11:25:33","modified_gmt":"2025-07-02T11:25:33","slug":"scientific-committee","status":"publish","type":"page","link":"https:\/\/emac2025bilbao.com\/index.php\/scientific-committee\/","title":{"rendered":"Scientific Committee"},"content":{"rendered":"\n<div class=\"wp-block-group alignfull has-base-2-background-color has-background has-global-padding is-layout-constrained wp-container-core-group-is-layout-669513ed wp-block-group-is-layout-constrained\" style=\"margin-top:0;margin-bottom:0;padding-top:var(--wp--preset--spacing--50);padding-right:var(--wp--preset--spacing--50);padding-bottom:var(--wp--preset--spacing--50);padding-left:var(--wp--preset--spacing--50)\">\n<div class=\"wp-block-columns alignwide is-layout-flex wp-container-core-columns-is-layout-d0bbbce0 wp-block-columns-is-layout-flex\">\n<div class=\"wp-block-column is-layout-flow wp-container-core-column-is-layout-e3d1c41b wp-block-column-is-layout-flow\">\n<h3 class=\"wp-block-heading has-text-align-left is-style-asterisk has-body-font-family has-medium-font-size\" style=\"font-style:normal;font-weight:600\">Simona Raneri&nbsp;<\/h3>\n\n\n\n<p class=\"has-small-font-size\"><a href=\"https:\/\/orcid.org\/0000-0002-3135-7083\">ORCID: 0000-0002-3135-7083<\/a><\/p>\n\n\n\n<p class=\"has-text-align-left\">Senior Researcher in the Department of Earth Sciences at the University of Florence, Italy.<\/p>\n<\/div>\n\n\n\n<div class=\"wp-block-column is-layout-flow wp-container-core-column-is-layout-e3d1c41b wp-block-column-is-layout-flow\">\n<h3 class=\"wp-block-heading has-text-align-left is-style-asterisk has-body-font-family has-medium-font-size\" style=\"font-style:normal;font-weight:600\">Silvia AMICONE<\/h3>\n\n\n\n<p class=\"has-small-font-size\"><a href=\"https:\/\/orcid.org\/0000-0001-8237-7044\" data-type=\"link\" data-id=\"https:\/\/orcid.org\/0000-0001-6011-3590\">ORCID:&nbsp;0000-0001-8237-7044<\/a><\/p>\n\n\n\n<p class=\"has-text-align-left\">Akademische R\u00e4tin (Academic Councillor) within the Archaeometry Research Group at the University of T\u00fcbingen&#8217;s Institute for Prehistory, Early History, and Medieval Archaeology.<\/p>\n<\/div>\n\n\n\n<div class=\"wp-block-column is-layout-flow wp-container-core-column-is-layout-e3d1c41b wp-block-column-is-layout-flow\">\n<h3 class=\"wp-block-heading has-text-align-left is-style-asterisk has-body-font-family has-medium-font-size\" style=\"font-style:normal;font-weight:600\">Jaume Buxeda i Garrig\u00f3s<\/h3>\n\n\n\n<p class=\"has-small-font-size\"><a href=\"https:\/\/orcid.org\/0000-0001-6857-8448\">ORCID: 0000-0001-6857-8448<\/a><\/p>\n\n\n\n<p class=\"has-text-align-left\">Full Professor at the Department of History and Archaeology at the University of Barcelona.<\/p>\n<\/div>\n\n\n\n<div class=\"wp-block-column is-layout-flow wp-container-core-column-is-layout-e3d1c41b wp-block-column-is-layout-flow\">\n<h3 class=\"wp-block-heading has-text-align-left is-style-asterisk has-body-font-family has-medium-font-size\" style=\"font-style:normal;font-weight:600\">R\u00e9my Chapoulie<\/h3>\n\n\n\n<p class=\"has-small-font-size\"><a href=\"https:\/\/orcid.org\/0000-0001-9959-7940\" data-type=\"link\" data-id=\"https:\/\/orcid.org\/0000-0001-6981-0886\">ORCID: 0000-0001-9959-7940<\/a><\/p>\n\n\n\n<p class=\"has-text-align-left\">Full Professor of Archaeometry at the University Bordeaux Montaigne, France.<\/p>\n<\/div>\n<\/div>\n\n\n\n<div style=\"height:var(--wp--preset--spacing--20)\" aria-hidden=\"true\" class=\"wp-block-spacer\"><\/div>\n<\/div>\n\n\n\n<div class=\"wp-block-group alignfull has-base-2-background-color has-background has-global-padding is-layout-constrained wp-container-core-group-is-layout-669513ed wp-block-group-is-layout-constrained\" style=\"margin-top:0;margin-bottom:0;padding-top:var(--wp--preset--spacing--50);padding-right:var(--wp--preset--spacing--50);padding-bottom:var(--wp--preset--spacing--50);padding-left:var(--wp--preset--spacing--50)\">\n<div class=\"wp-block-columns alignwide is-layout-flex wp-container-core-columns-is-layout-d0bbbce0 wp-block-columns-is-layout-flex\">\n<div class=\"wp-block-column is-layout-flow wp-container-core-column-is-layout-e3d1c41b wp-block-column-is-layout-flow\">\n<h3 class=\"wp-block-heading has-text-align-left is-style-asterisk has-body-font-family has-medium-font-size\"><strong>Mohammadamin Emami<\/strong><\/h3>\n\n\n\n<p class=\"has-small-font-size\"><a href=\"https:\/\/orcid.org\/0000-0002-7484-1991\" data-type=\"link\" data-id=\"https:\/\/orcid.org\/0000-0002-1411-8099\">ORCID: 0000-0002-7484-1991<\/a><\/p>\n\n\n\n<p class=\"has-text-align-left\">Full Professor of Mineralogy &amp; Crystallography at the Department of Conservation and Archaeometry, Art Univesity of Isfahan, Iran<\/p>\n<\/div>\n\n\n\n<div class=\"wp-block-column is-layout-flow wp-container-core-column-is-layout-e3d1c41b wp-block-column-is-layout-flow\">\n<h3 class=\"wp-block-heading has-text-align-left is-style-asterisk has-body-font-family has-medium-font-size\" style=\"font-style:normal;font-weight:600\">Florence Liard<\/h3>\n\n\n\n<p class=\"has-small-font-size\"><a href=\"https:\/\/orcid.org\/0000-0003-1014-0544\" data-type=\"link\" data-id=\"https:\/\/orcid.org\/0000-0001-6011-3590\">ORCID: 0<\/a><a href=\"https:\/\/orcid.org\/0000-0003-4315-2816\" data-type=\"link\" data-id=\"https:\/\/orcid.org\/0000-0001-6011-3590\">0000-0003-4315-2816<\/a><\/p>\n\n\n\n<p class=\"has-text-align-left\">Guest Professor at Universit\u00e9 Saint-Louis, Bruxelles.<\/p>\n<\/div>\n\n\n\n<div class=\"wp-block-column is-layout-flow wp-container-core-column-is-layout-e3d1c41b wp-block-column-is-layout-flow\">\n<h3 class=\"wp-block-heading has-text-align-left is-style-asterisk has-body-font-family has-medium-font-size\" style=\"font-style:normal;font-weight:600\">Lara Maritan<\/h3>\n\n\n\n<p class=\"has-small-font-size\"><a href=\"https:\/\/orcid.org\/0000-0002-3796-1265\">ORCID: 0000-0002-3796-1265<\/a><\/p>\n\n\n\n<p class=\"has-text-align-left\">Professor at the Department of Geosciences at the University of Padua, Italy.<\/p>\n<\/div>\n\n\n\n<div class=\"wp-block-column is-layout-flow wp-container-core-column-is-layout-e3d1c41b wp-block-column-is-layout-flow\">\n<h3 class=\"wp-block-heading has-text-align-left is-style-asterisk has-body-font-family has-medium-font-size\" style=\"font-style:normal;font-weight:600\">Judit Molera<\/h3>\n\n\n\n<p class=\"has-small-font-size\"><a href=\"https:\/\/orcid.org\/0000-0003-3116-0456\" data-type=\"link\" data-id=\"https:\/\/orcid.org\/0000-0001-6981-0886\">ORCID: 0000-0003-3116-0456<\/a><\/p>\n\n\n\n<p class=\"has-text-align-left\">Professor at the Department of Engineering at the University of Vic &#8211; Central University of Catalonia (UVic-UCC), Spain.<\/p>\n<\/div>\n<\/div>\n\n\n\n<div style=\"height:var(--wp--preset--spacing--20)\" aria-hidden=\"true\" class=\"wp-block-spacer\"><\/div>\n<\/div>\n\n\n\n<div class=\"wp-block-group alignfull has-base-2-background-color has-background has-global-padding is-layout-constrained wp-container-core-group-is-layout-669513ed wp-block-group-is-layout-constrained\" style=\"margin-top:0;margin-bottom:0;padding-top:var(--wp--preset--spacing--50);padding-right:var(--wp--preset--spacing--50);padding-bottom:var(--wp--preset--spacing--50);padding-left:var(--wp--preset--spacing--50)\">\n<div class=\"wp-block-columns alignwide is-layout-flex wp-container-core-columns-is-layout-d0bbbce0 wp-block-columns-is-layout-flex\">\n<div class=\"wp-block-column is-layout-flow wp-container-core-column-is-layout-e3d1c41b wp-block-column-is-layout-flow\">\n<h3 class=\"wp-block-heading has-text-align-left is-style-asterisk has-body-font-family has-medium-font-size\" style=\"font-style:normal;font-weight:600\">Miriam Cubas Morera<\/h3>\n\n\n\n<p class=\"has-small-font-size\"><a href=\"https:\/\/orcid.org\/0000-0002-2386-8473\" data-type=\"link\" data-id=\"https:\/\/orcid.org\/0000-0001-6011-3590\">ORCID: 0000-0002-2386-8473<\/a><\/p>\n\n\n\n<p class=\"has-text-align-left\">Ram\u00f3n y Cajal Researcher at the Department of History and Philosophy at the University of Alcal\u00e1, Spain.<\/p>\n<\/div>\n\n\n\n<div class=\"wp-block-column is-layout-flow wp-container-core-column-is-layout-e3d1c41b wp-block-column-is-layout-flow\">\n<h3 class=\"wp-block-heading has-text-align-left is-style-asterisk has-body-font-family has-medium-font-size\" style=\"font-style:normal;font-weight:600\">Miguel del Pino<\/h3>\n\n\n\n<p class=\"has-small-font-size\"><a href=\"https:\/\/orcid.org\/0000-0001-6649-0397\">ORCID: 0000-0001-6649-0397<\/a><\/p>\n\n\n\n<p class=\"has-text-align-left\">Researcher at the University of Las Palmas de Gran Canaria (ULPGC), Spain.<\/p>\n<\/div>\n\n\n\n<div class=\"wp-block-column is-layout-flow wp-container-core-column-is-layout-e3d1c41b wp-block-column-is-layout-flow\">\n<h3 class=\"wp-block-heading has-text-align-left is-style-asterisk has-body-font-family has-medium-font-size\" style=\"font-style:normal;font-weight:600\">Anno Hein<\/h3>\n\n\n\n<p class=\"has-small-font-size\"><a href=\"https:\/\/orcid.org\/0000-0002-3376-8054\">ORCID: 0000-0002-1129-4820<\/a><\/p>\n\n\n\n<p class=\"has-text-align-left\">Researcher at the Institute of Nanoscience and Nanotechnology, National Centre for Scientific Research &#8220;Demokritos&#8221;, Greece.<\/p>\n<\/div>\n\n\n\n<div class=\"wp-block-column is-layout-flow wp-container-core-column-is-layout-e3d1c41b wp-block-column-is-layout-flow\">\n<h3 class=\"wp-block-heading has-text-align-left is-style-asterisk has-body-font-family has-medium-font-size\" style=\"font-style:normal;font-weight:600\">Asier Vallejo Ruiz<\/h3>\n\n\n\n<p class=\"has-small-font-size\"><a href=\"https:\/\/orcid.org\/0000-0002-3374-6154\" data-type=\"link\" data-id=\"https:\/\/orcid.org\/0000-0002-3374-6154\">ORCID: 0000-0002-3374-6154<\/a><\/p>\n\n\n\n<p class=\"has-text-align-left\">Lecturer at the Analytical Chemistry Department of the University of the Basque Country, Pharmacy Faculty, Vitoria-Gasteiz, Spain.<\/p>\n<\/div>\n<\/div>\n\n\n\n<div style=\"height:var(--wp--preset--spacing--20)\" aria-hidden=\"true\" class=\"wp-block-spacer\"><\/div>\n<\/div>\n\n\n\n<p><\/p>\n","protected":false},"excerpt":{"rendered":"<p>Simona Raneri&nbsp; ORCID: 0000-0002-3135-7083 Senior Researcher in the Department of Earth Sciences at the University of Florence, Italy. Silvia AMICONE ORCID:&nbsp;0000-0001-8237-7044 Akademische R\u00e4tin (Academic Councillor) within the Archaeometry Research Group at the University of T\u00fcbingen&#8217;s Institute for Prehistory, Early History, and Medieval Archaeology. Jaume Buxeda i Garrig\u00f3s ORCID: 0000-0001-6857-8448 Full Professor at the Department of [&hellip;]<\/p>\n","protected":false},"author":1,"featured_media":0,"parent":0,"menu_order":0,"comment_status":"closed","ping_status":"closed","template":"","meta":{"footnotes":""},"class_list":["post-217","page","type-page","status-publish","hentry"],"_links":{"self":[{"href":"https:\/\/emac2025bilbao.com\/index.php\/wp-json\/wp\/v2\/pages\/217","targetHints":{"allow":["GET"]}}],"collection":[{"href":"https:\/\/emac2025bilbao.com\/index.php\/wp-json\/wp\/v2\/pages"}],"about":[{"href":"https:\/\/emac2025bilbao.com\/index.php\/wp-json\/wp\/v2\/types\/page"}],"author":[{"embeddable":true,"href":"https:\/\/emac2025bilbao.com\/index.php\/wp-json\/wp\/v2\/users\/1"}],"replies":[{"embeddable":true,"href":"https:\/\/emac2025bilbao.com\/index.php\/wp-json\/wp\/v2\/comments?post=217"}],"version-history":[{"count":8,"href":"https:\/\/emac2025bilbao.com\/index.php\/wp-json\/wp\/v2\/pages\/217\/revisions"}],"predecessor-version":[{"id":575,"href":"https:\/\/emac2025bilbao.com\/index.php\/wp-json\/wp\/v2\/pages\/217\/revisions\/575"}],"wp:attachment":[{"href":"https:\/\/emac2025bilbao.com\/index.php\/wp-json\/wp\/v2\/media?parent=217"}],"curies":[{"name":"wp","href":"https:\/\/api.w.org\/{rel}","templated":true}]}}